{"id":717,"date":"2019-09-25T17:18:40","date_gmt":"2019-09-25T17:18:40","guid":{"rendered":"https:\/\/cibspuertorico.org\/?page_id=717"},"modified":"2025-02-25T16:30:20","modified_gmt":"2025-02-25T16:30:20","slug":"que-hacemos","status":"publish","type":"page","link":"https:\/\/cibspuertorico.org\/en\/que-hacemos\/","title":{"rendered":"What We Do"},"content":{"rendered":"\t\t<div data-elementor-type=\"wp-page\" data-elementor-id=\"717\" class=\"elementor elementor-717\" data-elementor-post-type=\"page\">\n\t\t\t\t\t\t<section class=\"elementor-section elementor-top-section elementor-element elementor-element-b9b5113 elementor-section-content-middle elementor-section-boxed elementor-section-height-default elementor-section-height-default\" data-id=\"b9b5113\" data-element_type=\"section\" data-e-type=\"section\" data-settings=\"{&quot;jet_parallax_layout_list&quot;:[{&quot;jet_parallax_layout_image&quot;:{&quot;url&quot;:&quot;&quot;,&quot;id&quot;:&quot;&quot;,&quot;size&quot;:&quot;&quot;},&quot;_id&quot;:&quot;4422ae1&quot;,&quot;jet_parallax_layout_image_tablet&quot;:{&quot;url&quot;:&quot;&quot;,&quot;id&quot;:&quot;&quot;,&quot;size&quot;:&quot;&quot;},&quot;jet_parallax_layout_image_mobile&quot;:{&quot;url&quot;:&quot;&quot;,&quot;id&quot;:&quot;&quot;,&quot;size&quot;:&quot;&quot;},&quot;jet_parallax_layout_speed&quot;:{&quot;unit&quot;:&quot;%&quot;,&quot;size&quot;:50,&quot;sizes&quot;:[]},&quot;jet_parallax_layout_type&quot;:&quot;scroll&quot;,&quot;jet_parallax_layout_direction&quot;:&quot;1&quot;,&quot;jet_parallax_layout_fx_direction&quot;:null,&quot;jet_parallax_layout_z_index&quot;:&quot;&quot;,&quot;jet_parallax_layout_bg_x&quot;:50,&quot;jet_parallax_layout_bg_x_tablet&quot;:&quot;&quot;,&quot;jet_parallax_layout_bg_x_mobile&quot;:&quot;&quot;,&quot;jet_parallax_layout_bg_y&quot;:50,&quot;jet_parallax_layout_bg_y_tablet&quot;:&quot;&quot;,&quot;jet_parallax_layout_bg_y_mobile&quot;:&quot;&quot;,&quot;jet_parallax_layout_bg_size&quot;:&quot;auto&quot;,&quot;jet_parallax_layout_bg_size_tablet&quot;:&quot;&quot;,&quot;jet_parallax_layout_bg_size_mobile&quot;:&quot;&quot;,&quot;jet_parallax_layout_animation_prop&quot;:&quot;transform&quot;,&quot;jet_parallax_layout_on&quot;:[&quot;desktop&quot;,&quot;tablet&quot;]}],&quot;background_background&quot;:&quot;classic&quot;}\">\n\t\t\t\t\t\t<div class=\"elementor-container elementor-column-gap-default\">\n\t\t\t\t\t<div class=\"elementor-column elementor-col-100 elementor-top-column elementor-element elementor-element-e8da5c1\" data-id=\"e8da5c1\" data-element_type=\"column\" data-e-type=\"column\">\n\t\t\t<div class=\"elementor-widget-wrap elementor-element-populated\">\n\t\t\t\t\t\t<div class=\"elementor-element elementor-element-b84649d elementor-widget elementor-widget-heading\" data-id=\"b84649d\" data-element_type=\"widget\" data-e-type=\"widget\" data-widget_type=\"heading.default\">\n\t\t\t\t<div class=\"elementor-widget-container\">\n\t\t\t\t\t<h2 class=\"elementor-heading-title elementor-size-default\">Qu\u00e9 hacemos<\/h2>\t\t\t\t<\/div>\n\t\t\t\t<\/div>\n\t\t\t\t<div class=\"elementor-element elementor-element-74f5944 elementor-widget-divider--view-line_icon elementor-view-default elementor-widget-divider--element-align-center elementor-widget elementor-widget-divider\" data-id=\"74f5944\" data-element_type=\"widget\" data-e-type=\"widget\" data-widget_type=\"divider.default\">\n\t\t\t\t<div class=\"elementor-widget-container\">\n\t\t\t\t\t\t\t<div class=\"elementor-divider\">\n\t\t\t<span class=\"elementor-divider-separator\">\n\t\t\t\t\t\t\t<div class=\"elementor-icon elementor-divider__element\">\n\t\t\t\t\t<i aria-hidden=\"true\" class=\"fas fa-bookmark\"><\/i><\/div>\n\t\t\t\t\t\t<\/span>\n\t\t<\/div>\n\t\t\t\t\t\t<\/div>\n\t\t\t\t<\/div>\n\t\t\t\t<div class=\"elementor-element elementor-element-612efb5 elementor-widget elementor-widget-text-editor\" data-id=\"612efb5\" data-element_type=\"widget\" data-e-type=\"widget\" data-widget_type=\"text-editor.default\">\n\t\t\t\t<div class=\"elementor-widget-container\">\n\t\t\t\t\t\t\t\t\t<p class=\"p1\"><span class=\"s1\">A trav\u00e9s del Programa Cooperativo, los Bautistas del Sur en Puerto Rico estamos tratando de avanzar el Evangelio en nuestro pa\u00eds y desde Puerto Rico hasta los confines de la tierra. <\/span><\/p>\t\t\t\t\t\t\t\t<\/div>\n\t\t\t\t<\/div>\n\t\t\t\t<div class=\"elementor-element elementor-element-23236a6 elementor-widget elementor-widget-spacer\" data-id=\"23236a6\" data-element_type=\"widget\" data-e-type=\"widget\" data-widget_type=\"spacer.default\">\n\t\t\t\t<div class=\"elementor-widget-container\">\n\t\t\t\t\t\t\t<div class=\"elementor-spacer\">\n\t\t\t<div class=\"elementor-spacer-inner\"><\/div>\n\t\t<\/div>\n\t\t\t\t\t\t<\/div>\n\t\t\t\t<\/div>\n\t\t\t\t\t<\/div>\n\t\t<\/div>\n\t\t\t\t\t<\/div>\n\t\t<\/section>\n\t\t\t\t<section class=\"elementor-section elementor-top-section elementor-element elementor-element-2673a86 elementor-section-boxed elementor-section-height-default elementor-section-height-default\" data-id=\"2673a86\" data-element_type=\"section\" data-e-type=\"section\" data-settings=\"{&quot;jet_parallax_layout_list&quot;:[{&quot;jet_parallax_layout_image&quot;:{&quot;url&quot;:&quot;&quot;,&quot;id&quot;:&quot;&quot;,&quot;size&quot;:&quot;&quot;},&quot;_id&quot;:&quot;2238c4d&quot;,&quot;jet_parallax_layout_image_tablet&quot;:{&quot;url&quot;:&quot;&quot;,&quot;id&quot;:&quot;&quot;,&quot;size&quot;:&quot;&quot;},&quot;jet_parallax_layout_image_mobile&quot;:{&quot;url&quot;:&quot;&quot;,&quot;id&quot;:&quot;&quot;,&quot;size&quot;:&quot;&quot;},&quot;jet_parallax_layout_speed&quot;:{&quot;unit&quot;:&quot;%&quot;,&quot;size&quot;:50,&quot;sizes&quot;:[]},&quot;jet_parallax_layout_type&quot;:&quot;scroll&quot;,&quot;jet_parallax_layout_direction&quot;:&quot;1&quot;,&quot;jet_parallax_layout_fx_direction&quot;:null,&quot;jet_parallax_layout_z_index&quot;:&quot;&quot;,&quot;jet_parallax_layout_bg_x&quot;:50,&quot;jet_parallax_layout_bg_x_tablet&quot;:&quot;&quot;,&quot;jet_parallax_layout_bg_x_mobile&quot;:&quot;&quot;,&quot;jet_parallax_layout_bg_y&quot;:50,&quot;jet_parallax_layout_bg_y_tablet&quot;:&quot;&quot;,&quot;jet_parallax_layout_bg_y_mobile&quot;:&quot;&quot;,&quot;jet_parallax_layout_bg_size&quot;:&quot;auto&quot;,&quot;jet_parallax_layout_bg_size_tablet&quot;:&quot;&quot;,&quot;jet_parallax_layout_bg_size_mobile&quot;:&quot;&quot;,&quot;jet_parallax_layout_animation_prop&quot;:&quot;transform&quot;,&quot;jet_parallax_layout_on&quot;:[&quot;desktop&quot;,&quot;tablet&quot;]}]}\">\n\t\t\t\t\t\t<div class=\"elementor-container elementor-column-gap-default\">\n\t\t\t\t\t<div class=\"elementor-column elementor-col-25 elementor-top-column elementor-element elementor-element-824d8c5\" data-id=\"824d8c5\" data-element_type=\"column\" data-e-type=\"column\">\n\t\t\t<div class=\"elementor-widget-wrap\">\n\t\t\t\t\t\t\t<\/div>\n\t\t<\/div>\n\t\t\t\t<div class=\"elementor-column elementor-col-50 elementor-top-column elementor-element elementor-element-220b9a6\" data-id=\"220b9a6\" data-element_type=\"column\" data-e-type=\"column\">\n\t\t\t<div class=\"elementor-widget-wrap elementor-element-populated\">\n\t\t\t\t\t\t<div class=\"elementor-element elementor-element-d64b0ce elementor-widget elementor-widget-heading\" data-id=\"d64b0ce\" data-element_type=\"widget\" data-e-type=\"widget\" data-widget_type=\"heading.default\">\n\t\t\t\t<div class=\"elementor-widget-container\">\n\t\t\t\t\t<h3 class=\"elementor-heading-title elementor-size-default\">Finanzas<\/h3>\t\t\t\t<\/div>\n\t\t\t\t<\/div>\n\t\t\t\t<div class=\"elementor-element elementor-element-e82db43 elementor-widget-divider--view-line_icon elementor-view-default elementor-widget-divider--element-align-center elementor-widget elementor-widget-divider\" data-id=\"e82db43\" data-element_type=\"widget\" data-e-type=\"widget\" data-widget_type=\"divider.default\">\n\t\t\t\t<div class=\"elementor-widget-container\">\n\t\t\t\t\t\t\t<div class=\"elementor-divider\">\n\t\t\t<span class=\"elementor-divider-separator\">\n\t\t\t\t\t\t\t<div class=\"elementor-icon elementor-divider__element\">\n\t\t\t\t\t<i aria-hidden=\"true\" class=\"fas fa-money-bill-wave-alt\"><\/i><\/div>\n\t\t\t\t\t\t<\/span>\n\t\t<\/div>\n\t\t\t\t\t\t<\/div>\n\t\t\t\t<\/div>\n\t\t\t\t<div class=\"elementor-element elementor-element-08deb46 elementor-widget elementor-widget-text-editor\" data-id=\"08deb46\" data-element_type=\"widget\" data-e-type=\"widget\" data-widget_type=\"text-editor.default\">\n\t\t\t\t<div class=\"elementor-widget-container\">\n\t\t\t\t\t\t\t\t\t<p class=\"p1\"><span class=\"s1\">La Convenci\u00f3n Bautista del Sur de Puerto Rico est\u00e1 convencida que debemos dar por gracia lo que por gracia hemos recibido. Es por eso por lo que actualmente tenemos comprometido el 20% de nuestro presupuesto al Programa Cooperativo de la Convenci\u00f3n Bautista del Sur (SBC) y el 85% se queda para avanzar el Evangelio en nuestro pa\u00eds. Es nuestra meta que anualmente podamos incrementar el por ciento que enviamos a nivel nacional. <\/span><\/p>\n<p class=\"p1\"><span class=\"s1\">A trav\u00e9s de la generosidad de las iglesias podemos apoyar el trabajo de la <b>North American Mission Board<\/b> <b>(NAMB)<\/b> con la ofrenda <i>Annie Armstrong<\/i> y a la <b>International Mission Board<\/b> <b>(IMB)<\/b> con la Ofrenda <i>Lottie Moon<\/i>. Gracias al respaldo de la <b>North American Mission Board<\/b> y su ministerio de ayuda social, <b>Send Relief<\/b>, podemos servir a nuestras comunidades en caso de desastres.<\/span><\/p>\t\t\t\t\t\t\t\t<\/div>\n\t\t\t\t<\/div>\n\t\t\t\t\t<\/div>\n\t\t<\/div>\n\t\t\t\t<div class=\"elementor-column elementor-col-25 elementor-top-column elementor-element elementor-element-93a5caa\" data-id=\"93a5caa\" data-element_type=\"column\" data-e-type=\"column\">\n\t\t\t<div class=\"elementor-widget-wrap\">\n\t\t\t\t\t\t\t<\/div>\n\t\t<\/div>\n\t\t\t\t\t<\/div>\n\t\t<\/section>\n\t\t\t\t<\/div>\n\t\t","protected":false},"excerpt":{"rendered":"<p>Qu\u00e9 hacemos A trav\u00e9s del Programa Cooperativo, los Bautistas del Sur en Puerto Rico estamos tratando de avanzar el Evangelio en nuestro pa\u00eds y desde Puerto Rico hasta los confines de la tierra. Finanzas La Convenci\u00f3n Bautista del Sur de Puerto Rico est\u00e1 convencida que debemos dar por gracia lo que por gracia hemos recibido. [&hellip;]<\/p>\n","protected":false},"author":1,"featured_media":0,"parent":0,"menu_order":0,"comment_status":"closed","ping_status":"closed","template":"elementor_header_footer","meta":{"om_disable_all_campaigns":false,"_monsterinsights_skip_tracking":false,"_monsterinsights_sitenote_active":false,"_monsterinsights_sitenote_note":"","_monsterinsights_sitenote_category":0,"footnotes":""},"class_list":["post-717","page","type-page","status-publish","hentry"],"yoast_head":"<!-- This site is optimized with the Yoast SEO plugin v27.2 - https:\/\/yoast.com\/product\/yoast-seo-wordpress\/ -->\n<title>Qu\u00e9 Hacemos - CIBSPR - Convenci\u00f3n Iglesias Bautistas del Sur de Puerto Rico<\/title>\n<meta name=\"robots\" content=\"index, follow, max-snippet:-1, max-image-preview:large, max-video-preview:-1\" \/>\n<link rel=\"canonical\" href=\"https:\/\/cibspuertorico.org\/en\/que-hacemos\/\" \/>\n<meta property=\"og:locale\" content=\"en_US\" \/>\n<meta property=\"og:type\" content=\"article\" \/>\n<meta property=\"og:title\" content=\"Qu\u00e9 Hacemos - CIBSPR - Convenci\u00f3n Iglesias Bautistas del Sur de Puerto Rico\" \/>\n<meta property=\"og:description\" content=\"Qu\u00e9 hacemos A trav\u00e9s del Programa Cooperativo, los Bautistas del Sur en Puerto Rico estamos tratando de avanzar el Evangelio en nuestro pa\u00eds y desde Puerto Rico hasta los confines de la tierra. Finanzas La Convenci\u00f3n Bautista del Sur de Puerto Rico est\u00e1 convencida que debemos dar por gracia lo que por gracia hemos recibido. [&hellip;]\" \/>\n<meta property=\"og:url\" content=\"https:\/\/cibspuertorico.org\/en\/que-hacemos\/\" \/>\n<meta property=\"og:site_name\" content=\"CIBSPR - Convenci\u00f3n Iglesias Bautistas del Sur de Puerto Rico\" \/>\n<meta property=\"article:modified_time\" content=\"2025-02-25T16:30:20+00:00\" \/>\n<meta name=\"twitter:card\" content=\"summary_large_image\" \/>\n<meta name=\"twitter:label1\" content=\"Est. reading time\" \/>\n\t<meta name=\"twitter:data1\" content=\"1 minute\" \/>\n<script type=\"application\/ld+json\" class=\"yoast-schema-graph\">{\"@context\":\"https:\/\/schema.org\",\"@graph\":[{\"@type\":\"WebPage\",\"@id\":\"https:\/\/cibspuertorico.org\/que-hacemos\/\",\"url\":\"https:\/\/cibspuertorico.org\/que-hacemos\/\",\"name\":\"Qu\u00e9 Hacemos - CIBSPR - Convenci\u00f3n Iglesias Bautistas del Sur de Puerto Rico\",\"isPartOf\":{\"@id\":\"https:\/\/cibspuertorico.org\/#website\"},\"datePublished\":\"2019-09-25T17:18:40+00:00\",\"dateModified\":\"2025-02-25T16:30:20+00:00\",\"breadcrumb\":{\"@id\":\"https:\/\/cibspuertorico.org\/que-hacemos\/#breadcrumb\"},\"inLanguage\":\"en-US\",\"potentialAction\":[{\"@type\":\"ReadAction\",\"target\":[\"https:\/\/cibspuertorico.org\/que-hacemos\/\"]}]},{\"@type\":\"BreadcrumbList\",\"@id\":\"https:\/\/cibspuertorico.org\/que-hacemos\/#breadcrumb\",\"itemListElement\":[{\"@type\":\"ListItem\",\"position\":1,\"name\":\"Home\",\"item\":\"https:\/\/cibspuertorico.org\/\"},{\"@type\":\"ListItem\",\"position\":2,\"name\":\"Qu\u00e9 Hacemos\"}]},{\"@type\":\"WebSite\",\"@id\":\"https:\/\/cibspuertorico.org\/#website\",\"url\":\"https:\/\/cibspuertorico.org\/\",\"name\":\"CIBSPR - Convenci\u00f3n Iglesias Bautistas del Sur de Puerto Rico\",\"description\":\"\",\"publisher\":{\"@id\":\"https:\/\/cibspuertorico.org\/#organization\"},\"potentialAction\":[{\"@type\":\"SearchAction\",\"target\":{\"@type\":\"EntryPoint\",\"urlTemplate\":\"https:\/\/cibspuertorico.org\/?s={search_term_string}\"},\"query-input\":{\"@type\":\"PropertyValueSpecification\",\"valueRequired\":true,\"valueName\":\"search_term_string\"}}],\"inLanguage\":\"en-US\"},{\"@type\":\"Organization\",\"@id\":\"https:\/\/cibspuertorico.org\/#organization\",\"name\":\"CIBSPR - Convenci\u00f3n Iglesias Bautistas del Sur de Puerto Rico\",\"url\":\"https:\/\/cibspuertorico.org\/\",\"logo\":{\"@type\":\"ImageObject\",\"inLanguage\":\"en-US\",\"@id\":\"https:\/\/cibspuertorico.org\/#\/schema\/logo\/image\/\",\"url\":\"https:\/\/cibspuertorico.org\/wp-content\/uploads\/2018\/10\/cropped-Color@3x.png\",\"contentUrl\":\"https:\/\/cibspuertorico.org\/wp-content\/uploads\/2018\/10\/cropped-Color@3x.png\",\"width\":3935,\"height\":1189,\"caption\":\"CIBSPR - Convenci\u00f3n Iglesias Bautistas del Sur de Puerto Rico\"},\"image\":{\"@id\":\"https:\/\/cibspuertorico.org\/#\/schema\/logo\/image\/\"}}]}<\/script>\n<!-- \/ Yoast SEO plugin. -->","yoast_head_json":{"title":"Qu\u00e9 Hacemos - CIBSPR - Convenci\u00f3n Iglesias Bautistas del Sur de Puerto Rico","robots":{"index":"index","follow":"follow","max-snippet":"max-snippet:-1","max-image-preview":"max-image-preview:large","max-video-preview":"max-video-preview:-1"},"canonical":"https:\/\/cibspuertorico.org\/en\/que-hacemos\/","og_locale":"en_US","og_type":"article","og_title":"Qu\u00e9 Hacemos - CIBSPR - Convenci\u00f3n Iglesias Bautistas del Sur de Puerto Rico","og_description":"Qu\u00e9 hacemos A trav\u00e9s del Programa Cooperativo, los Bautistas del Sur en Puerto Rico estamos tratando de avanzar el Evangelio en nuestro pa\u00eds y desde Puerto Rico hasta los confines de la tierra. Finanzas La Convenci\u00f3n Bautista del Sur de Puerto Rico est\u00e1 convencida que debemos dar por gracia lo que por gracia hemos recibido. [&hellip;]","og_url":"https:\/\/cibspuertorico.org\/en\/que-hacemos\/","og_site_name":"CIBSPR - Convenci\u00f3n Iglesias Bautistas del Sur de Puerto Rico","article_modified_time":"2025-02-25T16:30:20+00:00","twitter_card":"summary_large_image","twitter_misc":{"Est. reading time":"1 minute"},"schema":{"@context":"https:\/\/schema.org","@graph":[{"@type":"WebPage","@id":"https:\/\/cibspuertorico.org\/que-hacemos\/","url":"https:\/\/cibspuertorico.org\/que-hacemos\/","name":"Qu\u00e9 Hacemos - CIBSPR - Convenci\u00f3n Iglesias Bautistas del Sur de Puerto Rico","isPartOf":{"@id":"https:\/\/cibspuertorico.org\/#website"},"datePublished":"2019-09-25T17:18:40+00:00","dateModified":"2025-02-25T16:30:20+00:00","breadcrumb":{"@id":"https:\/\/cibspuertorico.org\/que-hacemos\/#breadcrumb"},"inLanguage":"en-US","potentialAction":[{"@type":"ReadAction","target":["https:\/\/cibspuertorico.org\/que-hacemos\/"]}]},{"@type":"BreadcrumbList","@id":"https:\/\/cibspuertorico.org\/que-hacemos\/#breadcrumb","itemListElement":[{"@type":"ListItem","position":1,"name":"Home","item":"https:\/\/cibspuertorico.org\/"},{"@type":"ListItem","position":2,"name":"Qu\u00e9 Hacemos"}]},{"@type":"WebSite","@id":"https:\/\/cibspuertorico.org\/#website","url":"https:\/\/cibspuertorico.org\/","name":"CIBSPR - Convenci\u00f3n Iglesias Bautistas del Sur de Puerto Rico","description":"","publisher":{"@id":"https:\/\/cibspuertorico.org\/#organization"},"potentialAction":[{"@type":"SearchAction","target":{"@type":"EntryPoint","urlTemplate":"https:\/\/cibspuertorico.org\/?s={search_term_string}"},"query-input":{"@type":"PropertyValueSpecification","valueRequired":true,"valueName":"search_term_string"}}],"inLanguage":"en-US"},{"@type":"Organization","@id":"https:\/\/cibspuertorico.org\/#organization","name":"CIBSPR - Convenci\u00f3n Iglesias Bautistas del Sur de Puerto Rico","url":"https:\/\/cibspuertorico.org\/","logo":{"@type":"ImageObject","inLanguage":"en-US","@id":"https:\/\/cibspuertorico.org\/#\/schema\/logo\/image\/","url":"https:\/\/cibspuertorico.org\/wp-content\/uploads\/2018\/10\/cropped-Color@3x.png","contentUrl":"https:\/\/cibspuertorico.org\/wp-content\/uploads\/2018\/10\/cropped-Color@3x.png","width":3935,"height":1189,"caption":"CIBSPR - Convenci\u00f3n Iglesias Bautistas del Sur de Puerto Rico"},"image":{"@id":"https:\/\/cibspuertorico.org\/#\/schema\/logo\/image\/"}}]}},"jetpack_sharing_enabled":true,"_links":{"self":[{"href":"https:\/\/cibspuertorico.org\/en\/wp-json\/wp\/v2\/pages\/717","targetHints":{"allow":["GET"]}}],"collection":[{"href":"https:\/\/cibspuertorico.org\/en\/wp-json\/wp\/v2\/pages"}],"about":[{"href":"https:\/\/cibspuertorico.org\/en\/wp-json\/wp\/v2\/types\/page"}],"author":[{"embeddable":true,"href":"https:\/\/cibspuertorico.org\/en\/wp-json\/wp\/v2\/users\/1"}],"replies":[{"embeddable":true,"href":"https:\/\/cibspuertorico.org\/en\/wp-json\/wp\/v2\/comments?post=717"}],"version-history":[{"count":9,"href":"https:\/\/cibspuertorico.org\/en\/wp-json\/wp\/v2\/pages\/717\/revisions"}],"predecessor-version":[{"id":1649,"href":"https:\/\/cibspuertorico.org\/en\/wp-json\/wp\/v2\/pages\/717\/revisions\/1649"}],"wp:attachment":[{"href":"https:\/\/cibspuertorico.org\/en\/wp-json\/wp\/v2\/media?parent=717"}],"curies":[{"name":"wp","href":"https:\/\/api.w.org\/{rel}","templated":true}]}}