{"id":740,"date":"2019-09-27T12:30:23","date_gmt":"2019-09-27T12:30:23","guid":{"rendered":"https:\/\/cibspuertorico.org\/?page_id=740"},"modified":"2019-09-27T19:58:57","modified_gmt":"2019-09-27T19:58:57","slug":"contacto","status":"publish","type":"page","link":"https:\/\/cibspuertorico.org\/en\/contacto\/","title":{"rendered":"Contact"},"content":{"rendered":"\t\t<div data-elementor-type=\"wp-page\" data-elementor-id=\"740\" class=\"elementor elementor-740\" data-elementor-post-type=\"page\">\n\t\t\t\t\t\t<section class=\"elementor-section elementor-top-section elementor-element elementor-element-7914ea29 elementor-section-boxed elementor-section-height-default elementor-section-height-default\" data-id=\"7914ea29\" data-element_type=\"section\" data-e-type=\"section\" data-settings=\"{&quot;background_background&quot;:&quot;classic&quot;,&quot;jet_parallax_layout_list&quot;:[{&quot;jet_parallax_layout_image&quot;:{&quot;url&quot;:&quot;&quot;,&quot;id&quot;:&quot;&quot;,&quot;size&quot;:&quot;&quot;},&quot;jet_parallax_layout_speed&quot;:{&quot;unit&quot;:&quot;%&quot;,&quot;size&quot;:50,&quot;sizes&quot;:[]},&quot;jet_parallax_layout_type&quot;:&quot;scroll&quot;,&quot;jet_parallax_layout_z_index&quot;:&quot;&quot;,&quot;jet_parallax_layout_bg_x&quot;:50,&quot;jet_parallax_layout_bg_y&quot;:50,&quot;jet_parallax_layout_bg_size&quot;:&quot;auto&quot;,&quot;jet_parallax_layout_animation_prop&quot;:&quot;transform&quot;,&quot;_id&quot;:&quot;5aba95&quot;,&quot;jet_parallax_layout_image_tablet&quot;:{&quot;url&quot;:&quot;&quot;,&quot;id&quot;:&quot;&quot;,&quot;size&quot;:&quot;&quot;},&quot;jet_parallax_layout_image_mobile&quot;:{&quot;url&quot;:&quot;&quot;,&quot;id&quot;:&quot;&quot;,&quot;size&quot;:&quot;&quot;},&quot;jet_parallax_layout_on&quot;:[&quot;desktop&quot;,&quot;tablet&quot;],&quot;jet_parallax_layout_direction&quot;:&quot;1&quot;,&quot;jet_parallax_layout_fx_direction&quot;:null,&quot;jet_parallax_layout_bg_x_tablet&quot;:&quot;&quot;,&quot;jet_parallax_layout_bg_x_mobile&quot;:&quot;&quot;,&quot;jet_parallax_layout_bg_y_tablet&quot;:&quot;&quot;,&quot;jet_parallax_layout_bg_y_mobile&quot;:&quot;&quot;,&quot;jet_parallax_layout_bg_size_tablet&quot;:&quot;&quot;,&quot;jet_parallax_layout_bg_size_mobile&quot;:&quot;&quot;}]}\">\n\t\t\t\t\t\t\t<div class=\"elementor-background-overlay\"><\/div>\n\t\t\t\t\t\t\t<div class=\"elementor-container elementor-column-gap-default\">\n\t\t\t\t\t<div class=\"elementor-column elementor-col-50 elementor-top-column elementor-element elementor-element-5093edc6\" data-id=\"5093edc6\" data-element_type=\"column\" data-e-type=\"column\">\n\t\t\t<div class=\"elementor-widget-wrap elementor-element-populated\">\n\t\t\t\t\t\t<div class=\"elementor-element elementor-element-40f6122a elementor-widget elementor-widget-heading\" data-id=\"40f6122a\" data-element_type=\"widget\" data-e-type=\"widget\" data-widget_type=\"heading.default\">\n\t\t\t\t<div class=\"elementor-widget-container\">\n\t\t\t\t\t<h6 class=\"elementor-heading-title elementor-size-default\">Estamos para servir<\/h6>\t\t\t\t<\/div>\n\t\t\t\t<\/div>\n\t\t\t\t<div class=\"elementor-element elementor-element-64ac209b elementor-widget elementor-widget-spacer\" data-id=\"64ac209b\" data-element_type=\"widget\" data-e-type=\"widget\" data-widget_type=\"spacer.default\">\n\t\t\t\t<div class=\"elementor-widget-container\">\n\t\t\t\t\t\t\t<div class=\"elementor-spacer\">\n\t\t\t<div class=\"elementor-spacer-inner\"><\/div>\n\t\t<\/div>\n\t\t\t\t\t\t<\/div>\n\t\t\t\t<\/div>\n\t\t\t\t<div class=\"elementor-element elementor-element-ef0142d elementor-widget elementor-widget-heading\" data-id=\"ef0142d\" data-element_type=\"widget\" data-e-type=\"widget\" data-widget_type=\"heading.default\">\n\t\t\t\t<div class=\"elementor-widget-container\">\n\t\t\t\t\t<h2 class=\"elementor-heading-title elementor-size-default\">Cont\u00e1ctanos<\/h2>\t\t\t\t<\/div>\n\t\t\t\t<\/div>\n\t\t\t\t<div class=\"elementor-element elementor-element-625784f7 elementor-widget elementor-widget-spacer\" data-id=\"625784f7\" data-element_type=\"widget\" data-e-type=\"widget\" data-widget_type=\"spacer.default\">\n\t\t\t\t<div class=\"elementor-widget-container\">\n\t\t\t\t\t\t\t<div class=\"elementor-spacer\">\n\t\t\t<div class=\"elementor-spacer-inner\"><\/div>\n\t\t<\/div>\n\t\t\t\t\t\t<\/div>\n\t\t\t\t<\/div>\n\t\t\t\t<div class=\"elementor-element elementor-element-795c453e elementor-widget elementor-widget-text-editor\" data-id=\"795c453e\" data-element_type=\"widget\" data-e-type=\"widget\" data-widget_type=\"text-editor.default\">\n\t\t\t\t<div class=\"elementor-widget-container\">\n\t\t\t\t\t\t\t\t\t<p>Puedes escribirnos por correo electr\u00f3nico y seguirnos en las redes sociales.<\/p>\t\t\t\t\t\t\t\t<\/div>\n\t\t\t\t<\/div>\n\t\t\t\t<div class=\"elementor-element elementor-element-28313da0 elementor-widget elementor-widget-text-editor\" data-id=\"28313da0\" data-element_type=\"widget\" data-e-type=\"widget\" data-widget_type=\"text-editor.default\">\n\t\t\t\t<div class=\"elementor-widget-container\">\n\t\t\t\t\t\t\t\t\tinfo@cibspuertorico.org\t\t\t\t\t\t\t\t<\/div>\n\t\t\t\t<\/div>\n\t\t\t\t<div class=\"elementor-element elementor-element-a8312b2 elementor-widget elementor-widget-text-editor\" data-id=\"a8312b2\" data-element_type=\"widget\" data-e-type=\"widget\" data-widget_type=\"text-editor.default\">\n\t\t\t\t<div class=\"elementor-widget-container\">\n\t\t\t\t\t\t\t\t\t<p class=\"p1\">Tel: 9394642427<\/p>\t\t\t\t\t\t\t\t<\/div>\n\t\t\t\t<\/div>\n\t\t\t\t<div class=\"elementor-element elementor-element-6084b0a1 e-grid-align-left e-grid-align-mobile-center elementor-shape-rounded elementor-grid-0 elementor-widget elementor-widget-social-icons\" data-id=\"6084b0a1\" data-element_type=\"widget\" data-e-type=\"widget\" data-widget_type=\"social-icons.default\">\n\t\t\t\t<div class=\"elementor-widget-container\">\n\t\t\t\t\t\t\t<div class=\"elementor-social-icons-wrapper elementor-grid\" role=\"list\">\n\t\t\t\t\t\t\t<span class=\"elementor-grid-item\" role=\"listitem\">\n\t\t\t\t\t<a class=\"elementor-icon elementor-social-icon elementor-social-icon-facebook-f elementor-repeater-item-be8d622\" href=\"https:\/\/www.facebook.com\/cibspuertorico\/\" target=\"_blank\">\n\t\t\t\t\t\t<span class=\"elementor-screen-only\">Facebook-f<\/span>\n\t\t\t\t\t\t<i aria-hidden=\"true\" class=\"fab fa-facebook-f\"><\/i>\t\t\t\t\t<\/a>\n\t\t\t\t<\/span>\n\t\t\t\t\t\t\t<span class=\"elementor-grid-item\" role=\"listitem\">\n\t\t\t\t\t<a class=\"elementor-icon elementor-social-icon elementor-social-icon-twitter elementor-repeater-item-ec7e5f9\" href=\"https:\/\/twitter.com\/cibspuertorico\" target=\"_blank\">\n\t\t\t\t\t\t<span class=\"elementor-screen-only\">Twitter<\/span>\n\t\t\t\t\t\t<i aria-hidden=\"true\" class=\"fab fa-twitter\"><\/i>\t\t\t\t\t<\/a>\n\t\t\t\t<\/span>\n\t\t\t\t\t\t\t<span class=\"elementor-grid-item\" role=\"listitem\">\n\t\t\t\t\t<a class=\"elementor-icon elementor-social-icon elementor-social-icon-instagram elementor-repeater-item-2feacc0\" href=\"https:\/\/www.instagram.com\/cibspuertorico\/\" target=\"_blank\">\n\t\t\t\t\t\t<span class=\"elementor-screen-only\">Instagram<\/span>\n\t\t\t\t\t\t<i aria-hidden=\"true\" class=\"fab fa-instagram\"><\/i>\t\t\t\t\t<\/a>\n\t\t\t\t<\/span>\n\t\t\t\t\t<\/div>\n\t\t\t\t\t\t<\/div>\n\t\t\t\t<\/div>\n\t\t\t\t\t<\/div>\n\t\t<\/div>\n\t\t\t\t<div class=\"elementor-column elementor-col-50 elementor-top-column elementor-element elementor-element-65b56c6c\" data-id=\"65b56c6c\" data-element_type=\"column\" data-e-type=\"column\">\n\t\t\t<div class=\"elementor-widget-wrap elementor-element-populated\">\n\t\t\t\t\t\t<div class=\"elementor-element elementor-element-5495f0fc elementor-widget elementor-widget-contact-form-7\" data-id=\"5495f0fc\" data-element_type=\"widget\" data-e-type=\"widget\" data-widget_type=\"contact-form-7.default\">\n\t\t\t\t<div class=\"elementor-widget-container\">\n\t\t\t\t\t<div class=\"elementor-contact-form-7 jet-elements\">\n<div class=\"wpcf7 no-js\" id=\"wpcf7-f60-o1\" lang=\"en-US\" dir=\"ltr\" data-wpcf7-id=\"60\">\n<div class=\"screen-reader-response\"><p role=\"status\" aria-live=\"polite\" aria-atomic=\"true\"><\/p> <ul><\/ul><\/div>\n<form action=\"\/en\/wp-json\/wp\/v2\/pages\/740#wpcf7-f60-o1\" method=\"post\" class=\"wpcf7-form init\" aria-label=\"Contact form\" novalidate=\"novalidate\" data-status=\"init\">\n<fieldset class=\"hidden-fields-container\"><input type=\"hidden\" name=\"_wpcf7\" value=\"60\" \/><input type=\"hidden\" name=\"_wpcf7_version\" value=\"6.1.5\" \/><input type=\"hidden\" name=\"_wpcf7_locale\" value=\"en_US\" \/><input type=\"hidden\" name=\"_wpcf7_unit_tag\" value=\"wpcf7-f60-o1\" \/><input type=\"hidden\" name=\"_wpcf7_container_post\" value=\"0\" \/><input type=\"hidden\" name=\"_wpcf7_posted_data_hash\" value=\"\" \/>\n<\/fieldset>\n<p><label> <span class=\"wpcf7-form-control-wrap\" data-name=\"your-name\"><input size=\"40\" maxlength=\"400\" class=\"wpcf7-form-control wpcf7-text wpcf7-validates-as-required\" aria-required=\"true\" aria-invalid=\"false\" placeholder=\"Nombre\" value=\"\" type=\"text\" name=\"your-name\" \/><\/span> <\/label>\n<\/p>\n<p><label> <span class=\"wpcf7-form-control-wrap\" data-name=\"your-email\"><input size=\"40\" maxlength=\"400\" class=\"wpcf7-form-control wpcf7-email wpcf7-validates-as-required wpcf7-text wpcf7-validates-as-email\" aria-required=\"true\" aria-invalid=\"false\" placeholder=\"E-mail\" value=\"\" type=\"email\" name=\"your-email\" \/><\/span> <\/label>\n<\/p>\n<p><label> <span class=\"wpcf7-form-control-wrap\" data-name=\"textarea-330\"><textarea cols=\"40\" rows=\"10\" maxlength=\"2000\" class=\"wpcf7-form-control wpcf7-textarea\" aria-invalid=\"false\" placeholder=\"Mensaje\" name=\"textarea-330\"><\/textarea><\/span> <\/label>\n<\/p>\n<p><label> <input class=\"wpcf7-form-control wpcf7-submit has-spinner\" type=\"submit\" value=\"Enviar\" \/> <\/label>\n<\/p><div class=\"wpcf7-response-output\" aria-hidden=\"true\"><\/div>\n<\/form>\n<\/div>\n<\/div>\t\t\t\t<\/div>\n\t\t\t\t<\/div>\n\t\t\t\t\t<\/div>\n\t\t<\/div>\n\t\t\t\t\t<\/div>\n\t\t<\/section>\n\t\t\t\t<\/div>\n\t\t","protected":false},"excerpt":{"rendered":"<p>Estamos para servir Cont\u00e1ctanos Puedes escribirnos por correo electr\u00f3nico y seguirnos en las redes sociales. info@cibspuertorico.org Tel: 9394642427 Facebook-f Twitter Instagram<\/p>","protected":false},"author":1,"featured_media":0,"parent":0,"menu_order":0,"comment_status":"closed","ping_status":"closed","template":"elementor_header_footer","meta":{"om_disable_all_campaigns":false,"_monsterinsights_skip_tracking":false,"_monsterinsights_sitenote_active":false,"_monsterinsights_sitenote_note":"","_monsterinsights_sitenote_category":0,"footnotes":""},"class_list":["post-740","page","type-page","status-publish","hentry"],"yoast_head":"<!-- This site is optimized with the Yoast SEO plugin v27.2 - https:\/\/yoast.com\/product\/yoast-seo-wordpress\/ -->\n<title>Contacto - CIBSPR - Convenci\u00f3n Iglesias Bautistas del Sur de Puerto Rico<\/title>\n<meta name=\"robots\" content=\"index, follow, max-snippet:-1, max-image-preview:large, max-video-preview:-1\" \/>\n<link rel=\"canonical\" href=\"https:\/\/cibspuertorico.org\/en\/contacto\/\" \/>\n<meta property=\"og:locale\" content=\"en_US\" \/>\n<meta property=\"og:type\" content=\"article\" \/>\n<meta property=\"og:title\" content=\"Contacto - CIBSPR - Convenci\u00f3n Iglesias Bautistas del Sur de Puerto Rico\" \/>\n<meta property=\"og:description\" content=\"Estamos para servir Cont\u00e1ctanos Puedes escribirnos por correo electr\u00f3nico y seguirnos en las redes sociales. info@cibspuertorico.org Tel: 9394642427 Facebook-f Twitter Instagram\" \/>\n<meta property=\"og:url\" content=\"https:\/\/cibspuertorico.org\/en\/contacto\/\" \/>\n<meta property=\"og:site_name\" content=\"CIBSPR - Convenci\u00f3n Iglesias Bautistas del Sur de Puerto Rico\" \/>\n<meta property=\"article:modified_time\" content=\"2019-09-27T19:58:57+00:00\" \/>\n<meta name=\"twitter:card\" content=\"summary_large_image\" \/>\n<script type=\"application\/ld+json\" class=\"yoast-schema-graph\">{\"@context\":\"https:\/\/schema.org\",\"@graph\":[{\"@type\":\"WebPage\",\"@id\":\"https:\/\/cibspuertorico.org\/contacto\/\",\"url\":\"https:\/\/cibspuertorico.org\/contacto\/\",\"name\":\"Contacto - CIBSPR - Convenci\u00f3n Iglesias Bautistas del Sur de Puerto Rico\",\"isPartOf\":{\"@id\":\"https:\/\/cibspuertorico.org\/#website\"},\"datePublished\":\"2019-09-27T12:30:23+00:00\",\"dateModified\":\"2019-09-27T19:58:57+00:00\",\"breadcrumb\":{\"@id\":\"https:\/\/cibspuertorico.org\/contacto\/#breadcrumb\"},\"inLanguage\":\"en-US\",\"potentialAction\":[{\"@type\":\"ReadAction\",\"target\":[\"https:\/\/cibspuertorico.org\/contacto\/\"]}]},{\"@type\":\"BreadcrumbList\",\"@id\":\"https:\/\/cibspuertorico.org\/contacto\/#breadcrumb\",\"itemListElement\":[{\"@type\":\"ListItem\",\"position\":1,\"name\":\"Home\",\"item\":\"https:\/\/cibspuertorico.org\/\"},{\"@type\":\"ListItem\",\"position\":2,\"name\":\"Contacto\"}]},{\"@type\":\"WebSite\",\"@id\":\"https:\/\/cibspuertorico.org\/#website\",\"url\":\"https:\/\/cibspuertorico.org\/\",\"name\":\"CIBSPR - Convenci\u00f3n Iglesias Bautistas del Sur de Puerto Rico\",\"description\":\"\",\"publisher\":{\"@id\":\"https:\/\/cibspuertorico.org\/#organization\"},\"potentialAction\":[{\"@type\":\"SearchAction\",\"target\":{\"@type\":\"EntryPoint\",\"urlTemplate\":\"https:\/\/cibspuertorico.org\/?s={search_term_string}\"},\"query-input\":{\"@type\":\"PropertyValueSpecification\",\"valueRequired\":true,\"valueName\":\"search_term_string\"}}],\"inLanguage\":\"en-US\"},{\"@type\":\"Organization\",\"@id\":\"https:\/\/cibspuertorico.org\/#organization\",\"name\":\"CIBSPR - Convenci\u00f3n Iglesias Bautistas del Sur de Puerto Rico\",\"url\":\"https:\/\/cibspuertorico.org\/\",\"logo\":{\"@type\":\"ImageObject\",\"inLanguage\":\"en-US\",\"@id\":\"https:\/\/cibspuertorico.org\/#\/schema\/logo\/image\/\",\"url\":\"https:\/\/cibspuertorico.org\/wp-content\/uploads\/2018\/10\/cropped-Color@3x.png\",\"contentUrl\":\"https:\/\/cibspuertorico.org\/wp-content\/uploads\/2018\/10\/cropped-Color@3x.png\",\"width\":3935,\"height\":1189,\"caption\":\"CIBSPR - Convenci\u00f3n Iglesias Bautistas del Sur de Puerto Rico\"},\"image\":{\"@id\":\"https:\/\/cibspuertorico.org\/#\/schema\/logo\/image\/\"}}]}<\/script>\n<!-- \/ Yoast SEO plugin. -->","yoast_head_json":{"title":"Contacto - CIBSPR - Convenci\u00f3n Iglesias Bautistas del Sur de Puerto Rico","robots":{"index":"index","follow":"follow","max-snippet":"max-snippet:-1","max-image-preview":"max-image-preview:large","max-video-preview":"max-video-preview:-1"},"canonical":"https:\/\/cibspuertorico.org\/en\/contacto\/","og_locale":"en_US","og_type":"article","og_title":"Contacto - CIBSPR - Convenci\u00f3n Iglesias Bautistas del Sur de Puerto Rico","og_description":"Estamos para servir Cont\u00e1ctanos Puedes escribirnos por correo electr\u00f3nico y seguirnos en las redes sociales. info@cibspuertorico.org Tel: 9394642427 Facebook-f Twitter Instagram","og_url":"https:\/\/cibspuertorico.org\/en\/contacto\/","og_site_name":"CIBSPR - Convenci\u00f3n Iglesias Bautistas del Sur de Puerto Rico","article_modified_time":"2019-09-27T19:58:57+00:00","twitter_card":"summary_large_image","schema":{"@context":"https:\/\/schema.org","@graph":[{"@type":"WebPage","@id":"https:\/\/cibspuertorico.org\/contacto\/","url":"https:\/\/cibspuertorico.org\/contacto\/","name":"Contacto - CIBSPR - Convenci\u00f3n Iglesias Bautistas del Sur de Puerto Rico","isPartOf":{"@id":"https:\/\/cibspuertorico.org\/#website"},"datePublished":"2019-09-27T12:30:23+00:00","dateModified":"2019-09-27T19:58:57+00:00","breadcrumb":{"@id":"https:\/\/cibspuertorico.org\/contacto\/#breadcrumb"},"inLanguage":"en-US","potentialAction":[{"@type":"ReadAction","target":["https:\/\/cibspuertorico.org\/contacto\/"]}]},{"@type":"BreadcrumbList","@id":"https:\/\/cibspuertorico.org\/contacto\/#breadcrumb","itemListElement":[{"@type":"ListItem","position":1,"name":"Home","item":"https:\/\/cibspuertorico.org\/"},{"@type":"ListItem","position":2,"name":"Contacto"}]},{"@type":"WebSite","@id":"https:\/\/cibspuertorico.org\/#website","url":"https:\/\/cibspuertorico.org\/","name":"CIBSPR - Convenci\u00f3n Iglesias Bautistas del Sur de Puerto Rico","description":"","publisher":{"@id":"https:\/\/cibspuertorico.org\/#organization"},"potentialAction":[{"@type":"SearchAction","target":{"@type":"EntryPoint","urlTemplate":"https:\/\/cibspuertorico.org\/?s={search_term_string}"},"query-input":{"@type":"PropertyValueSpecification","valueRequired":true,"valueName":"search_term_string"}}],"inLanguage":"en-US"},{"@type":"Organization","@id":"https:\/\/cibspuertorico.org\/#organization","name":"CIBSPR - Convenci\u00f3n Iglesias Bautistas del Sur de Puerto Rico","url":"https:\/\/cibspuertorico.org\/","logo":{"@type":"ImageObject","inLanguage":"en-US","@id":"https:\/\/cibspuertorico.org\/#\/schema\/logo\/image\/","url":"https:\/\/cibspuertorico.org\/wp-content\/uploads\/2018\/10\/cropped-Color@3x.png","contentUrl":"https:\/\/cibspuertorico.org\/wp-content\/uploads\/2018\/10\/cropped-Color@3x.png","width":3935,"height":1189,"caption":"CIBSPR - Convenci\u00f3n Iglesias Bautistas del Sur de Puerto Rico"},"image":{"@id":"https:\/\/cibspuertorico.org\/#\/schema\/logo\/image\/"}}]}},"jetpack_sharing_enabled":true,"_links":{"self":[{"href":"https:\/\/cibspuertorico.org\/en\/wp-json\/wp\/v2\/pages\/740","targetHints":{"allow":["GET"]}}],"collection":[{"href":"https:\/\/cibspuertorico.org\/en\/wp-json\/wp\/v2\/pages"}],"about":[{"href":"https:\/\/cibspuertorico.org\/en\/wp-json\/wp\/v2\/types\/page"}],"author":[{"embeddable":true,"href":"https:\/\/cibspuertorico.org\/en\/wp-json\/wp\/v2\/users\/1"}],"replies":[{"embeddable":true,"href":"https:\/\/cibspuertorico.org\/en\/wp-json\/wp\/v2\/comments?post=740"}],"version-history":[{"count":10,"href":"https:\/\/cibspuertorico.org\/en\/wp-json\/wp\/v2\/pages\/740\/revisions"}],"predecessor-version":[{"id":825,"href":"https:\/\/cibspuertorico.org\/en\/wp-json\/wp\/v2\/pages\/740\/revisions\/825"}],"wp:attachment":[{"href":"https:\/\/cibspuertorico.org\/en\/wp-json\/wp\/v2\/media?parent=740"}],"curies":[{"name":"wp","href":"https:\/\/api.w.org\/{rel}","templated":true}]}}